{"id":21,"date":"2022-11-17T18:05:44","date_gmt":"2022-11-17T17:05:44","guid":{"rendered":"https:\/\/film.maau.cz\/?page_id=21"},"modified":"2026-02-16T16:41:01","modified_gmt":"2026-02-16T15:41:01","slug":"home-page","status":"publish","type":"page","link":"https:\/\/film.maau.cz\/cz\/","title":{"rendered":"Home page"},"content":{"rendered":"\t\t<div data-elementor-type=\"wp-page\" data-elementor-id=\"21\" class=\"elementor elementor-21\">\n\t\t\t\t\t\t<section class=\"elementor-section elementor-top-section elementor-element elementor-element-28a9b09 elementor-section-boxed elementor-section-height-default elementor-section-height-default\" data-id=\"28a9b09\" data-element_type=\"section\" data-e-type=\"section\">\n\t\t\t\t\t\t<div class=\"elementor-container elementor-column-gap-default\">\n\t\t\t\t\t<div class=\"elementor-column elementor-col-100 elementor-top-column elementor-element elementor-element-e2cc28a\" data-id=\"e2cc28a\" data-element_type=\"column\" data-e-type=\"column\">\n\t\t\t<div class=\"elementor-widget-wrap elementor-element-populated\">\n\t\t\t\t\t\t<div class=\"elementor-element elementor-element-65a9731 elementor-widget elementor-widget-spacer\" data-id=\"65a9731\" data-element_type=\"widget\" data-e-type=\"widget\" data-widget_type=\"spacer.default\">\n\t\t\t\t<div class=\"elementor-widget-container\">\n\t\t\t\t\t\t\t<div class=\"elementor-spacer\">\n\t\t\t<div class=\"elementor-spacer-inner\"><\/div>\n\t\t<\/div>\n\t\t\t\t\t\t<\/div>\n\t\t\t\t<\/div>\n\t\t\t\t\t<\/div>\n\t\t<\/div>\n\t\t\t\t\t<\/div>\n\t\t<\/section>\n\t\t\t\t<section class=\"elementor-section elementor-top-section elementor-element elementor-element-1ab79d0 project elementor-section-boxed elementor-section-height-default elementor-section-height-default\" data-id=\"1ab79d0\" data-element_type=\"section\" data-e-type=\"section\" id=\"project0\">\n\t\t\t\t\t\t<div class=\"elementor-container elementor-column-gap-default\">\n\t\t\t\t\t<div class=\"elementor-column elementor-col-100 elementor-top-column elementor-element elementor-element-25da434\" data-id=\"25da434\" data-element_type=\"column\" data-e-type=\"column\">\n\t\t\t<div class=\"elementor-widget-wrap elementor-element-populated\">\n\t\t\t\t\t\t<div class=\"elementor-element elementor-element-1f8082e main-title elementor-widget elementor-widget-heading\" data-id=\"1f8082e\" data-element_type=\"widget\" data-e-type=\"widget\" data-widget_type=\"heading.default\">\n\t\t\t\t<div class=\"elementor-widget-container\">\n\t\t\t\t\t<h1 class=\"elementor-heading-title elementor-size-default\">LAZARUS PRAHA<\/h1>\t\t\t\t<\/div>\n\t\t\t\t<\/div>\n\t\t\t\t<div class=\"elementor-element elementor-element-d85447e elementor-widget elementor-widget-text-editor\" data-id=\"d85447e\" data-element_type=\"widget\" data-e-type=\"widget\" data-widget_type=\"text-editor.default\">\n\t\t\t\t<div class=\"elementor-widget-container\">\n\t\t\t\t\t\t\t\t\t<p>Kr\u00e1tk\u00fd m\u00f3dn\u00ed film, projekt z l\u00e9ta roku 2023.<\/p><p>P\u0159edv\u00e1d\u00ed m\u00f3dn\u00ed n\u00e1vrhy Pono Skousena, kter\u00fd v dob\u011b nat\u00e1\u010den\u00ed studoval m\u00f3dn\u00ed n\u00e1vrh\u00e1\u0159stv\u00ed na\u00a0Parsons School of Design.<\/p>\t\t\t\t\t\t\t\t<\/div>\n\t\t\t\t<\/div>\n\t\t\t\t<div class=\"elementor-element elementor-element-33b4fa8 elementor-widget elementor-widget-video\" data-id=\"33b4fa8\" data-element_type=\"widget\" data-e-type=\"widget\" data-settings=\"{&quot;video_type&quot;:&quot;vimeo&quot;}\" data-widget_type=\"video.default\">\n\t\t\t\t<div class=\"elementor-widget-container\">\n\t\t\t\t\t\t\t<div class=\"elementor-wrapper elementor-open-inline\">\n\t\t\t<iframe class=\"elementor-video-iframe\" allowfullscreen allow=\"clipboard-write\" title=\"vimeo p\u0159ehr\u00e1va\u010d videa\" src=\"https:\/\/player.vimeo.com\/video\/856412210?color&amp;autopause=0&amp;loop=0&amp;muted=0&amp;title=1&amp;portrait=1&amp;byline=1#t=\"><\/iframe>\t\t<\/div>\n\t\t\t\t\t\t<\/div>\n\t\t\t\t<\/div>\n\t\t\t\t\t<\/div>\n\t\t<\/div>\n\t\t\t\t\t<\/div>\n\t\t<\/section>\n\t\t\t\t<section class=\"elementor-section elementor-top-section elementor-element elementor-element-b1e6df6 project elementor-section-boxed elementor-section-height-default elementor-section-height-default\" data-id=\"b1e6df6\" data-element_type=\"section\" data-e-type=\"section\" id=\"project1\">\n\t\t\t\t\t\t<div class=\"elementor-container elementor-column-gap-default\">\n\t\t\t\t\t<div class=\"elementor-column elementor-col-100 elementor-top-column elementor-element elementor-element-c51ce10\" data-id=\"c51ce10\" data-element_type=\"column\" data-e-type=\"column\">\n\t\t\t<div class=\"elementor-widget-wrap elementor-element-populated\">\n\t\t\t\t\t\t<div class=\"elementor-element elementor-element-a952d9b main-title elementor-widget elementor-widget-heading\" data-id=\"a952d9b\" data-element_type=\"widget\" data-e-type=\"widget\" data-widget_type=\"heading.default\">\n\t\t\t\t<div class=\"elementor-widget-container\">\n\t\t\t\t\t<h1 class=\"elementor-heading-title elementor-size-default\">FILMOV\u00dd PORTR\u00c9T M\u011aSTA JOSEFOV<\/h1>\t\t\t\t<\/div>\n\t\t\t\t<\/div>\n\t\t\t\t<div class=\"elementor-element elementor-element-dc97ab6 elementor-widget elementor-widget-text-editor\" data-id=\"dc97ab6\" data-element_type=\"widget\" data-e-type=\"widget\" data-widget_type=\"text-editor.default\">\n\t\t\t\t<div class=\"elementor-widget-container\">\n\t\t\t\t\t\t\t\t\t<p>Koncem roku 2022 jsem zachytil n\u011bkolik obvykl\u00fdch klidn\u00fdch dn\u016f na ulic\u00edch m\u011bsta Josefov, b\u00fdval\u00e9 pevnosti z 18. stolet\u00ed. Fascinov\u00e1n jej\u00ed starou barokn\u00ed vojenskou architekturou a kas\u00e1rnami a dne\u0161n\u00edm neut\u011b\u0161en\u00fdm stavem jsem cht\u011bl nato\u010dit filmov\u00fd portr\u00e9t m\u011bsta, kter\u00fd by zachytil jeho jedine\u010dn\u00fd genius loci.<\/p>\t\t\t\t\t\t\t\t<\/div>\n\t\t\t\t<\/div>\n\t\t\t\t<div class=\"elementor-element elementor-element-96e1d71 elementor-widget elementor-widget-video\" data-id=\"96e1d71\" data-element_type=\"widget\" data-e-type=\"widget\" data-settings=\"{&quot;video_type&quot;:&quot;vimeo&quot;}\" data-widget_type=\"video.default\">\n\t\t\t\t<div class=\"elementor-widget-container\">\n\t\t\t\t\t\t\t<div class=\"elementor-wrapper elementor-open-inline\">\n\t\t\t<iframe class=\"elementor-video-iframe\" allowfullscreen allow=\"clipboard-write\" title=\"vimeo p\u0159ehr\u00e1va\u010d videa\" src=\"https:\/\/player.vimeo.com\/video\/922032620?color&amp;autopause=0&amp;loop=0&amp;muted=0&amp;title=1&amp;portrait=1&amp;byline=1#t=\"><\/iframe>\t\t<\/div>\n\t\t\t\t\t\t<\/div>\n\t\t\t\t<\/div>\n\t\t\t\t\t<\/div>\n\t\t<\/div>\n\t\t\t\t\t<\/div>\n\t\t<\/section>\n\t\t\t\t<section class=\"elementor-section elementor-top-section elementor-element elementor-element-cdef132 project elementor-section-boxed elementor-section-height-default elementor-section-height-default\" data-id=\"cdef132\" data-element_type=\"section\" data-e-type=\"section\" id=\"project2\">\n\t\t\t\t\t\t<div class=\"elementor-container elementor-column-gap-default\">\n\t\t\t\t\t<div class=\"elementor-column elementor-col-100 elementor-top-column elementor-element elementor-element-c8cbfda\" data-id=\"c8cbfda\" data-element_type=\"column\" data-e-type=\"column\">\n\t\t\t<div class=\"elementor-widget-wrap elementor-element-populated\">\n\t\t\t\t\t\t<div class=\"elementor-element elementor-element-bf04f57 main-title elementor-widget elementor-widget-heading\" data-id=\"bf04f57\" data-element_type=\"widget\" data-e-type=\"widget\" data-widget_type=\"heading.default\">\n\t\t\t\t<div class=\"elementor-widget-container\">\n\t\t\t\t\t<h1 class=\"elementor-heading-title elementor-size-default\">Rokenrolov\u00fd Koncert \u2013 spont\u00e1nn\u00ed video<\/h1>\t\t\t\t<\/div>\n\t\t\t\t<\/div>\n\t\t\t\t<div class=\"elementor-element elementor-element-09056af elementor-widget elementor-widget-text-editor\" data-id=\"09056af\" data-element_type=\"widget\" data-e-type=\"widget\" data-widget_type=\"text-editor.default\">\n\t\t\t\t<div class=\"elementor-widget-container\">\n\t\t\t\t\t\t\t\t\t<p>Naprosto spont\u00e1nn\u00ed z\u00e1le\u017eitost, n\u00e1pad zrozen\u00fd b\u011bhem chv\u00edle na m\u00edst\u011b \u010dinu. Se \u0161patn\u00fdm zvukem, proto\u017ee jsem u sebe nem\u011bl \u017e\u00e1dn\u00e9 audio vybaven\u00ed. Jen fo\u0165\u00e1k&#8230; a skv\u011bl\u00e9 vystoupen\u00ed skupiny \u201eEd Phillips and Memphis Patrol\u201c na p\u00f3diu.<\/p>\t\t\t\t\t\t\t\t<\/div>\n\t\t\t\t<\/div>\n\t\t\t\t<div class=\"elementor-element elementor-element-d94de5c elementor-widget elementor-widget-video\" data-id=\"d94de5c\" data-element_type=\"widget\" data-e-type=\"widget\" data-settings=\"{&quot;video_type&quot;:&quot;vimeo&quot;}\" data-widget_type=\"video.default\">\n\t\t\t\t<div class=\"elementor-widget-container\">\n\t\t\t\t\t\t\t<div class=\"elementor-wrapper elementor-open-inline\">\n\t\t\t<iframe class=\"elementor-video-iframe\" allowfullscreen allow=\"clipboard-write\" title=\"vimeo p\u0159ehr\u00e1va\u010d videa\" src=\"https:\/\/player.vimeo.com\/video\/1165384291?color&amp;autopause=0&amp;loop=0&amp;muted=0&amp;title=1&amp;portrait=1&amp;byline=1#t=\"><\/iframe>\t\t<\/div>\n\t\t\t\t\t\t<\/div>\n\t\t\t\t<\/div>\n\t\t\t\t\t<\/div>\n\t\t<\/div>\n\t\t\t\t\t<\/div>\n\t\t<\/section>\n\t\t\t\t<section class=\"elementor-section elementor-top-section elementor-element elementor-element-0025250 project elementor-section-boxed elementor-section-height-default elementor-section-height-default\" data-id=\"0025250\" data-element_type=\"section\" data-e-type=\"section\">\n\t\t\t\t\t\t<div class=\"elementor-container elementor-column-gap-default\">\n\t\t\t\t\t<div class=\"elementor-column elementor-col-100 elementor-top-column elementor-element elementor-element-94e210c\" data-id=\"94e210c\" data-element_type=\"column\" data-e-type=\"column\">\n\t\t\t<div class=\"elementor-widget-wrap elementor-element-populated\">\n\t\t\t\t\t\t<div class=\"elementor-element elementor-element-cf3d2fe main-title elementor-widget elementor-widget-heading\" data-id=\"cf3d2fe\" data-element_type=\"widget\" data-e-type=\"widget\" data-widget_type=\"heading.default\">\n\t\t\t\t<div class=\"elementor-widget-container\">\n\t\t\t\t\t<h1 class=\"elementor-heading-title elementor-size-default\">RODINN\u00dd DOKUMENT \u2013 UPOUT\u00c1VKA<\/h1>\t\t\t\t<\/div>\n\t\t\t\t<\/div>\n\t\t\t\t<div class=\"elementor-element elementor-element-7f4ab96 elementor-widget elementor-widget-text-editor\" data-id=\"7f4ab96\" data-element_type=\"widget\" data-e-type=\"widget\" data-widget_type=\"text-editor.default\">\n\t\t\t\t<div class=\"elementor-widget-container\">\n\t\t\t\t\t\t\t\t\t<p>Upout\u00e1vka na soukrom\u00fd rodinn\u00fd dokument\u00e1rn\u00ed film na objedn\u00e1vku jednoho zn\u00e1m\u00e9ho.<\/p>\t\t\t\t\t\t\t\t<\/div>\n\t\t\t\t<\/div>\n\t\t\t\t<div class=\"elementor-element elementor-element-cdf103c elementor-widget elementor-widget-video\" data-id=\"cdf103c\" data-element_type=\"widget\" data-e-type=\"widget\" data-settings=\"{&quot;video_type&quot;:&quot;vimeo&quot;}\" data-widget_type=\"video.default\">\n\t\t\t\t<div class=\"elementor-widget-container\">\n\t\t\t\t\t\t\t<div class=\"elementor-wrapper elementor-open-inline\">\n\t\t\t<iframe class=\"elementor-video-iframe\" allowfullscreen allow=\"clipboard-write\" title=\"vimeo p\u0159ehr\u00e1va\u010d videa\" src=\"https:\/\/player.vimeo.com\/video\/868472810?color&amp;autopause=0&amp;loop=0&amp;muted=0&amp;title=1&amp;portrait=1&amp;byline=1#t=\"><\/iframe>\t\t<\/div>\n\t\t\t\t\t\t<\/div>\n\t\t\t\t<\/div>\n\t\t\t\t\t<\/div>\n\t\t<\/div>\n\t\t\t\t\t<\/div>\n\t\t<\/section>\n\t\t\t\t<\/div>\n\t\t","protected":false},"excerpt":{"rendered":"<p>LAZARUS PRAHA Kr\u00e1tk\u00fd m\u00f3dn\u00ed film, projekt z l\u00e9ta roku 2023. P\u0159edv\u00e1d\u00ed m\u00f3dn\u00ed n\u00e1vrhy Pono Skousena, kter\u00fd v dob\u011b nat\u00e1\u010den\u00ed studoval m\u00f3dn\u00ed n\u00e1vrh\u00e1\u0159stv\u00ed na\u00a0Parsons School of Design. https:\/\/vimeo.com\/856412210?share=copy FILMOV\u00dd PORTR\u00c9T M\u011aSTA JOSEFOV Koncem roku 2022 jsem zachytil n\u011bkolik obvykl\u00fdch klidn\u00fdch dn\u016f na ulic\u00edch m\u011bsta Josefov, b\u00fdval\u00e9 pevnosti z 18. stolet\u00ed. Fascinov\u00e1n jej\u00ed starou barokn\u00ed vojenskou architekturou [&hellip;]<\/p>\n","protected":false},"author":2,"featured_media":0,"parent":0,"menu_order":0,"comment_status":"closed","ping_status":"closed","template":"","meta":{"_editorskit_title_hidden":false,"_editorskit_reading_time":0,"_editorskit_is_block_options_detached":false,"_editorskit_block_options_position":"{}","footnotes":""},"class_list":["post-21","page","type-page","status-publish","hentry"],"_links":{"self":[{"href":"https:\/\/film.maau.cz\/cz\/wp-json\/wp\/v2\/pages\/21","targetHints":{"allow":["GET"]}}],"collection":[{"href":"https:\/\/film.maau.cz\/cz\/wp-json\/wp\/v2\/pages"}],"about":[{"href":"https:\/\/film.maau.cz\/cz\/wp-json\/wp\/v2\/types\/page"}],"author":[{"embeddable":true,"href":"https:\/\/film.maau.cz\/cz\/wp-json\/wp\/v2\/users\/2"}],"replies":[{"embeddable":true,"href":"https:\/\/film.maau.cz\/cz\/wp-json\/wp\/v2\/comments?post=21"}],"version-history":[{"count":290,"href":"https:\/\/film.maau.cz\/cz\/wp-json\/wp\/v2\/pages\/21\/revisions"}],"predecessor-version":[{"id":397,"href":"https:\/\/film.maau.cz\/cz\/wp-json\/wp\/v2\/pages\/21\/revisions\/397"}],"wp:attachment":[{"href":"https:\/\/film.maau.cz\/cz\/wp-json\/wp\/v2\/media?parent=21"}],"curies":[{"name":"wp","href":"https:\/\/api.w.org\/{rel}","templated":true}]}}